{"id":3868,"date":"2017-02-14T23:50:33","date_gmt":"2017-02-14T23:50:33","guid":{"rendered":"http:\/\/localhost\/construct\/?page_id=3868"},"modified":"2022-06-02T20:04:25","modified_gmt":"2022-06-02T18:04:25","slug":"ueber_uns","status":"publish","type":"page","link":"https:\/\/rahma-bedachung.de\/index.php\/ueber_uns\/","title":{"rendered":"\u00dcber uns"},"content":{"rendered":"<p>[vc_row][vc_column width=&#8220;1\/2&#8243;][pikoworks_title title_style=&#8220;3&#8243; title_text=&#8220;DACHDECKERMEISTER AUS WIESBADEN&#8220; block_desc_color=&#8220;#333333&#8243;][vc_custom_heading text=&#8220;Damit es auch an bedeckten Tagen sch\u00f6n ist.&#8220; font_container=&#8220;tag:h4|text_align:left&#8220; use_theme_fonts=&#8220;yes&#8220;][vc_column_text]Herzlich willkommen bei Rahma Bedachung &#8211; Wir sind Ihr Ansprechpartner f\u00fcr alle Dachdeckerarbeiten im Raum Wiesbaden, Mainz und Umgebung.<br \/>\nEgal, ob Sie ein Walm-, Zelt-, Sattel- oder Pultdach bevorzugen, wir \u00fcbernehmen das Eindecken von D\u00e4chern jeder Art, mit jedem Material und jeder Art der D\u00e4mmung. Des Weiteren sind wir Spezialist f\u00fcr Flachdachisolierung und Dachreparaturen. Bei kleineren oder gr\u00f6\u00dferen Sturmsch\u00e4den k\u00f6nnen Sie uns jederzeit anrufen, wir helfen Ihnen schnell und unkompliziert!<\/p>\n<ul class=\"arrow\">\n<li>Innovativ bei der Planung<\/li>\n<li>Fachm\u00e4nnisch in der Ausf\u00fchrung<\/li>\n<li>Best\u00e4ndig im Wert<\/li>\n<li>Zuverl\u00e4ssig bei der Vereinbarung<\/li>\n<\/ul>\n<p>[\/vc_column_text][\/vc_column][vc_column width=&#8220;1\/2&#8243;][vc_single_image image=&#8220;5940&#8243; img_size=&#8220;400&#215;494&#8243; alignment=&#8220;right&#8220; css=&#8220;.vc_custom_1654193061130{margin-bottom: -35px !important;padding-top: 10px !important;}&#8220;][\/vc_column][\/vc_row][vc_row full_width=&#8220;stretch_row_content_no_spaces&#8220; css=&#8220;.vc_custom_1492882681195{margin-bottom: -70px !important;}&#8220;][vc_column][video_content bg_video=&#8220;https:\/\/www.youtube.com\/watch?v=GaYDY8E1_j8&#8243; image=&#8220;5646&#8243;][vc_custom_heading text=&#8220;UNSERE URKUNDEN SIND DER BEWEIS<\/br> F\u00dcR QUALIFIZIERTE ARBEIT&#8220; font_container=&#8220;tag:h3|text_align:left&#8220; use_theme_fonts=&#8220;yes&#8220;][vc_images_carousel images=&#8220;5724,5869&#8243; img_size=&#8220;full&#8220; mode=&#8220;vertical&#8220; autoplay=&#8220;yes&#8220;][\/video_content][\/vc_column][\/vc_row][vc_row full_width=&#8220;stretch_row&#8220; el_class=&#8220;fixed-bg&#8220; css=&#8220;.vc_custom_1499106974442{background-image: url(https:\/\/rahma-bedachung.de\/wp-content\/uploads\/2017\/02\/rahma_bedachung_back.jpg?id=5665) !important;}&#8220;][vc_column][pikoworks_title title_style=&#8220;3&#8243; is_layout3_center=&#8220;center-bottom&#8220; title_text=&#8220;WARUM SIE SICH F\u00dcR UNS ENTSCHEIDEN SOLLTEN&#8220; block_desc_color=&#8220;#ffffff&#8220; css=&#8220;.vc_custom_1499106836637{padding-top: 40px !important;padding-bottom: 50px !important;}&#8220;][vc_row_inner css=&#8220;.vc_custom_1487192015444{padding-bottom: 40px !important;}&#8220;][vc_column_inner width=&#8220;1\/3&#8243;][pikoworks_icon_block icon_type=&#8220;streamline&#8220; style=&#8220;2&#8243; icon_bg=&#8220;icon-border&#8220; text_align=&#8220;text-center&#8220; block_title=&#8220;PREISWERT&#8220; block_desc=&#8220;&#8220; title_text_color=&#8220;#ffffff&#8220; icon_color=&#8220;#ffffff&#8220; streamline_icon=&#8220;sl-large-wallet&#8220;][\/vc_column_inner][vc_column_inner width=&#8220;1\/3&#8243;][pikoworks_icon_block icon_type=&#8220;streamline&#8220; style=&#8220;2&#8243; icon_bg=&#8220;icon-border&#8220; text_align=&#8220;text-center&#8220; block_title=&#8220;QUALIT\u00c4T&#8220; block_desc=&#8220;&#8220; title_text_color=&#8220;#ffffff&#8220; icon_color=&#8220;#ffffff&#8220; streamline_icon=&#8220;sl-large-trophy&#8220;][\/vc_column_inner][vc_column_inner width=&#8220;1\/3&#8243;][pikoworks_icon_block icon_type=&#8220;streamline&#8220; style=&#8220;2&#8243; icon_bg=&#8220;icon-border&#8220; text_align=&#8220;text-center&#8220; block_title=&#8220;ZUVERL\u00c4SSIG&#8220; block_desc=&#8220;&#8220; title_text_color=&#8220;#ffffff&#8220; icon_color=&#8220;#ffffff&#8220; streamline_icon=&#8220;sl-large-clock&#8220;][\/vc_column_inner][\/vc_row_inner][\/vc_column][\/vc_row][vc_row css=&#8220;.vc_custom_1492882715172{padding-top: 25px !important;padding-bottom: 55px !important;background-position: 0 0 !important;background-repeat: repeat !important;}&#8220;][vc_column css_animation=&#8220;fadeInUp&#8220;][pikoworks_brand_logo images=&#8220;5686,5685,5684,5683,5682&#8243; brand_name=&#8220;yes&#8220; loop=&#8220;true&#8220; slidespeed=&#8220;250&#8243; margin=&#8220;65&#8243; use_responsive=&#8220;1&#8243; items_large_device=&#8220;5&#8243; items_desktop=&#8220;4&#8243; items_tablet=&#8220;3&#8243; items_mobile=&#8220;2&#8243;][\/vc_column][\/vc_row]<\/p>\n","protected":false},"excerpt":{"rendered":"<p>[vc_row][vc_column width=&#8220;1\/2&#8243;][pikoworks_title title_style=&#8220;3&#8243; title_text=&#8220;DACHDECKERMEISTER AUS WIESBADEN&#8220; block_desc_color=&#8220;#333333&#8243;][vc_custom_heading text=&#8220;Damit es auch an bedeckten Tagen sch\u00f6n ist.&#8220; font_container=&#8220;tag:h4|text_align:left&#8220; use_theme_fonts=&#8220;yes&#8220;][vc_column_text]Herzlich willkommen bei Rahma Bedachung &#8211; Wir sind Ihr Ansprechpartner f\u00fcr alle Dachdeckerarbeiten im Raum Wiesbaden, Mainz und Umgebung. Egal, ob Sie ein Walm-, Zelt-, Sattel- oder Pultdach bevorzugen, wir \u00fcbernehmen das Eindecken von D\u00e4chern jeder Art, mit jedem<a href=\"https:\/\/rahma-bedachung.de\/index.php\/ueber_uns\/\" class=\"more-link\">Read More<\/a><\/p>\n","protected":false},"author":1,"featured_media":0,"parent":0,"menu_order":0,"comment_status":"closed","ping_status":"closed","template":"","meta":{"footnotes":""},"class_list":["post-3868","page","type-page","status-publish","hentry"],"_links":{"self":[{"href":"https:\/\/rahma-bedachung.de\/index.php\/wp-json\/wp\/v2\/pages\/3868","targetHints":{"allow":["GET"]}}],"collection":[{"href":"https:\/\/rahma-bedachung.de\/index.php\/wp-json\/wp\/v2\/pages"}],"about":[{"href":"https:\/\/rahma-bedachung.de\/index.php\/wp-json\/wp\/v2\/types\/page"}],"author":[{"embeddable":true,"href":"https:\/\/rahma-bedachung.de\/index.php\/wp-json\/wp\/v2\/users\/1"}],"replies":[{"embeddable":true,"href":"https:\/\/rahma-bedachung.de\/index.php\/wp-json\/wp\/v2\/comments?post=3868"}],"version-history":[{"count":23,"href":"https:\/\/rahma-bedachung.de\/index.php\/wp-json\/wp\/v2\/pages\/3868\/revisions"}],"predecessor-version":[{"id":5659,"href":"https:\/\/rahma-bedachung.de\/index.php\/wp-json\/wp\/v2\/pages\/3868\/revisions\/5659"}],"wp:attachment":[{"href":"https:\/\/rahma-bedachung.de\/index.php\/wp-json\/wp\/v2\/media?parent=3868"}],"curies":[{"name":"wp","href":"https:\/\/api.w.org\/{rel}","templated":true}]}}