{"id":4397,"date":"2017-04-21T18:35:40","date_gmt":"2017-04-21T18:35:40","guid":{"rendered":"http:\/\/themepiko.com\/construct\/demo4\/?page_id=4397"},"modified":"2017-07-03T20:45:02","modified_gmt":"2017-07-03T18:45:02","slug":"unsere_leistungen","status":"publish","type":"page","link":"https:\/\/rahma-bedachung.de\/index.php\/unsere_leistungen\/","title":{"rendered":"Unsere Leistungen"},"content":{"rendered":"<p>[vc_row][vc_column]\n    <div class=\"service-wrap service-style-1  \">        \n                <div class=\"portfolio-wrapper piko-col-md-2 columns-2 col-padding-15 grid  \"  >\n            \n                <div class=\"portfolio-item\">\n\n    <figure>\n        <a href=\"https:\/\/rahma-bedachung.de\/index.php\/service\/steildach\/\">\n        <img loading=\"lazy\" decoding=\"async\" width=\"360\" height=\"202\" src=\"https:\/\/rahma-bedachung.de\/wp-content\/uploads\/2017\/07\/steildach-360x202.jpg\" alt=\"Steildach\"\/>\n    <\/a>\n    <\/figure>    \n<div class=\"block\">\n    <header>\n        <h4><a href=\"https:\/\/rahma-bedachung.de\/index.php\/service\/steildach\/\">Steildach<\/a><\/h4>\n    <\/header>\n    <p>Schieferbedachung in Natur- und Kunstprodukten, Tonziegel, Betondachstein...<a href=\"https:\/\/rahma-bedachung.de\/index.php\/service\/steildach\/\" class=\"btn_read_more\">mehr<span class=\"screen-reader-text\">Steildach<\/span><\/a><\/p><\/div>\n\n<\/div>\n            \n                <div class=\"portfolio-item\">\n\n    <figure>\n        <a href=\"https:\/\/rahma-bedachung.de\/index.php\/service\/dachdeckerarbeiten-flachdach\/\">\n        <img loading=\"lazy\" decoding=\"async\" width=\"360\" height=\"202\" src=\"https:\/\/rahma-bedachung.de\/wp-content\/uploads\/2017\/07\/rahma_bedachung2-360x202.jpg\" alt=\"Flachdach\"\/>\n    <\/a>\n    <\/figure>    \n<div class=\"block\">\n    <header>\n        <h4><a href=\"https:\/\/rahma-bedachung.de\/index.php\/service\/dachdeckerarbeiten-flachdach\/\">Flachdach<\/a><\/h4>\n    <\/header>\n    <p>Bitumen, Kunststoffe\/Folienabdichtungen, Abdichtung von Terassen & Balkonen, Abdichtung von Flachd\u00e4chern...<a href=\"https:\/\/rahma-bedachung.de\/index.php\/service\/dachdeckerarbeiten-flachdach\/\" class=\"btn_read_more\">mehr<span class=\"screen-reader-text\">Flachdach<\/span><\/a><\/p><\/div>\n\n<\/div>\n            \n                <div class=\"portfolio-item\">\n\n    <figure>\n        <a href=\"https:\/\/rahma-bedachung.de\/index.php\/service\/fassadengestaltung\/\">\n        <img loading=\"lazy\" decoding=\"async\" width=\"360\" height=\"202\" src=\"https:\/\/rahma-bedachung.de\/wp-content\/uploads\/2017\/07\/Foto-03.07.17-17-13-08-360x202.jpg\" alt=\"Fassade\"\/>\n    <\/a>\n    <\/figure>    \n<div class=\"block\">\n    <header>\n        <h4><a href=\"https:\/\/rahma-bedachung.de\/index.php\/service\/fassadengestaltung\/\">Fassade<\/a><\/h4>\n    <\/header>\n    <p>Naturschiefer, Kunstschiefer und Metallverkleidung...<a href=\"https:\/\/rahma-bedachung.de\/index.php\/service\/fassadengestaltung\/\" class=\"btn_read_more\">mehr<span class=\"screen-reader-text\">Fassade<\/span><\/a><\/p><\/div>\n\n<\/div>\n            \n                <div class=\"portfolio-item\">\n\n    <figure>\n        <a href=\"https:\/\/rahma-bedachung.de\/index.php\/service\/waermedaemmung-nach-enev\/\">\n        <img loading=\"lazy\" decoding=\"async\" width=\"360\" height=\"202\" src=\"https:\/\/rahma-bedachung.de\/wp-content\/uploads\/2017\/07\/daemmung-360x202.jpg\" alt=\"W\u00e4rmed\u00e4mmung nach EneV\"\/>\n    <\/a>\n    <\/figure>    \n<div class=\"block\">\n    <header>\n        <h4><a href=\"https:\/\/rahma-bedachung.de\/index.php\/service\/waermedaemmung-nach-enev\/\">W\u00e4rmed\u00e4mmung nach EneV<\/a><\/h4>\n    <\/header>\n    <p>D\u00e4mmung von Fassaden, Steil- und Flachd\u00e4chern und Speicherb\u00f6den...<a href=\"https:\/\/rahma-bedachung.de\/index.php\/service\/waermedaemmung-nach-enev\/\" class=\"btn_read_more\">mehr<span class=\"screen-reader-text\">W\u00e4rmed\u00e4mmung nach EneV<\/span><\/a><\/p><\/div>\n\n<\/div>\n            \n                <div class=\"portfolio-item\">\n\n    <figure>\n        <a href=\"https:\/\/rahma-bedachung.de\/index.php\/service\/spengelerarbeiten\/\">\n        <img loading=\"lazy\" decoding=\"async\" width=\"360\" height=\"202\" src=\"https:\/\/rahma-bedachung.de\/wp-content\/uploads\/2017\/07\/Foto-03.07.17-17-13-11-1-360x202.jpg\" alt=\"Spenglerarbeiten\"\/>\n    <\/a>\n    <\/figure>    \n<div class=\"block\">\n    <header>\n        <h4><a href=\"https:\/\/rahma-bedachung.de\/index.php\/service\/spengelerarbeiten\/\">Spenglerarbeiten<\/a><\/h4>\n    <\/header>\n    <p>Dachrinnen und Fallrohre, Kamin Einfassung, Titanzink\/Kupfer\/Blei\/Aluminium...<a href=\"https:\/\/rahma-bedachung.de\/index.php\/service\/spengelerarbeiten\/\" class=\"btn_read_more\">mehr<span class=\"screen-reader-text\">Spenglerarbeiten<\/span><\/a><\/p><\/div>\n\n<\/div>\n            \n                <div class=\"portfolio-item\">\n\n    <figure>\n        <a href=\"https:\/\/rahma-bedachung.de\/index.php\/service\/service\/\">\n        <img loading=\"lazy\" decoding=\"async\" width=\"360\" height=\"202\" src=\"https:\/\/rahma-bedachung.de\/wp-content\/uploads\/2017\/07\/rahma_bedachung3-360x202.jpg\" alt=\"Service\"\/>\n    <\/a>\n    <\/figure>    \n<div class=\"block\">\n    <header>\n        <h4><a href=\"https:\/\/rahma-bedachung.de\/index.php\/service\/service\/\">Service<\/a><\/h4>\n    <\/header>\n    <p>Dachreparaturen, -wartungen, Inspektionen und Dachrinnenreinigung...<a href=\"https:\/\/rahma-bedachung.de\/index.php\/service\/service\/\" class=\"btn_read_more\">mehr<span class=\"screen-reader-text\">Service<\/span><\/a><\/p><\/div>\n\n<\/div>\n                    <\/div>\n    <\/div>\n\n[\/vc_column][\/vc_row]<\/p>\n","protected":false},"excerpt":{"rendered":"<p>[vc_row][vc_column][\/vc_column][\/vc_row]<\/p>\n","protected":false},"author":1,"featured_media":0,"parent":0,"menu_order":0,"comment_status":"closed","ping_status":"closed","template":"","meta":{"footnotes":""},"class_list":["post-4397","page","type-page","status-publish","hentry","col-md-6 col-sm-6 columns-2"],"_links":{"self":[{"href":"https:\/\/rahma-bedachung.de\/index.php\/wp-json\/wp\/v2\/pages\/4397","targetHints":{"allow":["GET"]}}],"collection":[{"href":"https:\/\/rahma-bedachung.de\/index.php\/wp-json\/wp\/v2\/pages"}],"about":[{"href":"https:\/\/rahma-bedachung.de\/index.php\/wp-json\/wp\/v2\/types\/page"}],"author":[{"embeddable":true,"href":"https:\/\/rahma-bedachung.de\/index.php\/wp-json\/wp\/v2\/users\/1"}],"replies":[{"embeddable":true,"href":"https:\/\/rahma-bedachung.de\/index.php\/wp-json\/wp\/v2\/comments?post=4397"}],"version-history":[{"count":3,"href":"https:\/\/rahma-bedachung.de\/index.php\/wp-json\/wp\/v2\/pages\/4397\/revisions"}],"predecessor-version":[{"id":5649,"href":"https:\/\/rahma-bedachung.de\/index.php\/wp-json\/wp\/v2\/pages\/4397\/revisions\/5649"}],"wp:attachment":[{"href":"https:\/\/rahma-bedachung.de\/index.php\/wp-json\/wp\/v2\/media?parent=4397"}],"curies":[{"name":"wp","href":"https:\/\/api.w.org\/{rel}","templated":true}]}}