{"id":5711,"date":"2017-07-04T21:03:16","date_gmt":"2017-07-04T19:03:16","guid":{"rendered":"http:\/\/rahma-bedachung.de\/?page_id=5711"},"modified":"2022-06-02T20:21:58","modified_gmt":"2022-06-02T18:21:58","slug":"impressum","status":"publish","type":"page","link":"https:\/\/rahma-bedachung.de\/index.php\/impressum\/","title":{"rendered":"Impressum"},"content":{"rendered":"<p>[vc_row][vc_column][vc_column_text]Rahma Bedachung GmbH<br \/>\nGesch\u00e4ftsf\u00fchrer: Ilyas El Mouhaoui<\/p>\n<p>Rheingaustra\u00dfe 85<br \/>\n65203 Wiesbaden<\/p>\n<p>Tel. 0611 971 477 74<br \/>\nMobil 0172 752 22 74<br \/>\nE-Mail info@rahma-bedachung.de<\/p>\n<p>Verantwortlich f\u00fcr den Inhalt dieser Website:<br \/>\nIlyas El Mouhaoui<\/p>\n<h4 class=\"h3\">Gestaltung &amp; Umsetzung<\/h4>\n<p><a href=\"mailto:info@zaytoon-media.com\">info@zaytoon-media.com<\/a><br \/>\n<a href=\"http:\/\/www.zaytoon-media.com\" target=\"_blank\" rel=\"noopener noreferrer\">www.zaytoon-media.com<\/a><\/p>\n<h4 class=\"h3\">Haftungshinweis<\/h4>\n<p>Trotz sorgf\u00e4ltiger inhaltlicher Kontrolle \u00fcbernehmen wir keine Haftung f\u00fcr die Inhalte externer Links. F\u00fcr den Inhalt der verlinkten Seiten sind ausschlie\u00dflich deren Betreiber verantwortlich.<br \/>\nRahma Bedachung \u00fcbernimmt trotz sorgf\u00e4ltiger Pr\u00fcfung keinerlei Gew\u00e4hr f\u00fcr die Richtigkeit und Vollst\u00e4ndigkeit der Inhalte und der Darstellung der bereitgestellten Informationen auf dieser Website.<br \/>\nAls Diensteanbieter sind wir gem\u00e4\u00df \u00a7 7 Abs.1 TMG f\u00fcr eigene Inhalte auf diesen Seiten nach den allgemeinen Gesetzen verantwortlich. Rahma Bedachung haftet jedoch nicht f\u00fcr Sch\u00e4den, die durch die Nutzung oder Nichtnutzung der in diesem Internetangebot angebotenen eigenen Inhalte entstehen. Ausgenommen von dieser Haftungsbeschr\u00e4nkung sind lediglich die gesetzlich festgeschriebenen Verbraucherschutzrechte von Privatpersonen.<\/p>\n<p>Nach \u00a7 8 bis 10 TMG sind wir als Diensteanbieter nicht verpflichtet, \u00fcbermittelte oder gespeicherte fremde Informationen zu \u00fcberwachen oder nach Umst\u00e4nden zu forschen, die auf eine rechtswidrige T\u00e4tigkeit hinweisen. Daher haftet Rahma Bedachung auch nicht f\u00fcr mittelbare oder unmittelbare Sch\u00e4den, die durch solche Informationen oder die Verwendung solcher Informationen entstehen k\u00f6nnen. Verpflichtungen zur Entfernung oder Sperrung der Nutzung von Informationen nach den allgemeinen Gesetzen bleiben hiervon unber\u00fchrt. Eine diesbez\u00fcgliche Haftung ist jedoch erst ab dem Zeitpunkt der Kenntnis einer konkreten Rechtsverletzung m\u00f6glich. Bei bekannt werden von entsprechenden Rechtsverletzungen werden wir diese Inhalte umgehend entfernen.[\/vc_column_text][\/vc_column][\/vc_row]<\/p>\n","protected":false},"excerpt":{"rendered":"<p>[vc_row][vc_column][vc_column_text]Rahma Bedachung GmbH Gesch\u00e4ftsf\u00fchrer: Ilyas El Mouhaoui Rheingaustra\u00dfe 85 65203 Wiesbaden Tel. 0611 971 477 74 Mobil 0172 752 22 74 E-Mail info@rahma-bedachung.de Verantwortlich f\u00fcr den Inhalt dieser Website: Ilyas El Mouhaoui Gestaltung &amp; Umsetzung info@zaytoon-media.com www.zaytoon-media.com Haftungshinweis Trotz sorgf\u00e4ltiger inhaltlicher Kontrolle \u00fcbernehmen wir keine Haftung f\u00fcr die Inhalte externer Links. F\u00fcr den Inhalt der<a href=\"https:\/\/rahma-bedachung.de\/index.php\/impressum\/\" class=\"more-link\">Read More<\/a><\/p>\n","protected":false},"author":1,"featured_media":0,"parent":0,"menu_order":0,"comment_status":"closed","ping_status":"closed","template":"","meta":{"footnotes":""},"class_list":["post-5711","page","type-page","status-publish","hentry"],"_links":{"self":[{"href":"https:\/\/rahma-bedachung.de\/index.php\/wp-json\/wp\/v2\/pages\/5711","targetHints":{"allow":["GET"]}}],"collection":[{"href":"https:\/\/rahma-bedachung.de\/index.php\/wp-json\/wp\/v2\/pages"}],"about":[{"href":"https:\/\/rahma-bedachung.de\/index.php\/wp-json\/wp\/v2\/types\/page"}],"author":[{"embeddable":true,"href":"https:\/\/rahma-bedachung.de\/index.php\/wp-json\/wp\/v2\/users\/1"}],"replies":[{"embeddable":true,"href":"https:\/\/rahma-bedachung.de\/index.php\/wp-json\/wp\/v2\/comments?post=5711"}],"version-history":[{"count":11,"href":"https:\/\/rahma-bedachung.de\/index.php\/wp-json\/wp\/v2\/pages\/5711\/revisions"}],"predecessor-version":[{"id":5949,"href":"https:\/\/rahma-bedachung.de\/index.php\/wp-json\/wp\/v2\/pages\/5711\/revisions\/5949"}],"wp:attachment":[{"href":"https:\/\/rahma-bedachung.de\/index.php\/wp-json\/wp\/v2\/media?parent=5711"}],"curies":[{"name":"wp","href":"https:\/\/api.w.org\/{rel}","templated":true}]}}