{"id":5919,"date":"2020-04-19T14:34:11","date_gmt":"2020-04-19T12:34:11","guid":{"rendered":"https:\/\/rahma-bedachung.de\/?page_id=5919"},"modified":"2020-04-19T14:34:11","modified_gmt":"2020-04-19T12:34:11","slug":"waermedaemmung-nach-enev","status":"publish","type":"page","link":"https:\/\/rahma-bedachung.de\/index.php\/waermedaemmung-nach-enev\/","title":{"rendered":"W\u00e4rmed\u00e4mmung nach EneV"},"content":{"rendered":"<p>[vc_row][vc_column][vc_column_text]D\u00e4mmung von Fassaden, Steil- und Flachd\u00e4chern und Speicherb\u00f6den[\/vc_column_text][\/vc_column][\/vc_row][vc_row][vc_column][vc_gallery type=&#8220;image_grid&#8220; images=&#8220;5782,5855,5853&#8243;][\/vc_column][\/vc_row]<\/p>\n","protected":false},"excerpt":{"rendered":"<p>[vc_row][vc_column][vc_column_text]D\u00e4mmung von Fassaden, Steil- und Flachd\u00e4chern und Speicherb\u00f6den[\/vc_column_text][\/vc_column][\/vc_row][vc_row][vc_column][vc_gallery type=&#8220;image_grid&#8220; images=&#8220;5782,5855,5853&#8243;][\/vc_column][\/vc_row]<\/p>\n","protected":false},"author":1,"featured_media":0,"parent":0,"menu_order":0,"comment_status":"closed","ping_status":"closed","template":"","meta":{"footnotes":""},"class_list":["post-5919","page","type-page","status-publish","hentry"],"_links":{"self":[{"href":"https:\/\/rahma-bedachung.de\/index.php\/wp-json\/wp\/v2\/pages\/5919","targetHints":{"allow":["GET"]}}],"collection":[{"href":"https:\/\/rahma-bedachung.de\/index.php\/wp-json\/wp\/v2\/pages"}],"about":[{"href":"https:\/\/rahma-bedachung.de\/index.php\/wp-json\/wp\/v2\/types\/page"}],"author":[{"embeddable":true,"href":"https:\/\/rahma-bedachung.de\/index.php\/wp-json\/wp\/v2\/users\/1"}],"replies":[{"embeddable":true,"href":"https:\/\/rahma-bedachung.de\/index.php\/wp-json\/wp\/v2\/comments?post=5919"}],"version-history":[{"count":1,"href":"https:\/\/rahma-bedachung.de\/index.php\/wp-json\/wp\/v2\/pages\/5919\/revisions"}],"predecessor-version":[{"id":5920,"href":"https:\/\/rahma-bedachung.de\/index.php\/wp-json\/wp\/v2\/pages\/5919\/revisions\/5920"}],"wp:attachment":[{"href":"https:\/\/rahma-bedachung.de\/index.php\/wp-json\/wp\/v2\/media?parent=5919"}],"curies":[{"name":"wp","href":"https:\/\/api.w.org\/{rel}","templated":true}]}}